{"id":8341,"date":"2021-03-22T21:04:28","date_gmt":"2021-03-22T21:04:28","guid":{"rendered":"https:\/\/enviumedia.com\/?page_id=8341"},"modified":"2021-03-22T21:04:28","modified_gmt":"2021-03-22T21:04:28","slug":"que-som","status":"publish","type":"page","link":"https:\/\/enviumedia.com\/index.php\/que-som\/","title":{"rendered":"Que som"},"content":{"rendered":"\n<p><strong>GENT<\/strong>&nbsp;\u00e9s una Plataforma Audiovisual Digital especialitzada en la promoci\u00f3 i la comunicaci\u00f3 en l\u2019\u00e0mbit territorial de les Comarques Centrals Valencianes.<\/p>\n\n\n\n<p><strong>GENT<\/strong>&nbsp;est\u00e0 dedicada a difondre la informaci\u00f3 de les nostres comarques, amb especial incid\u00e8ncia en donar a con\u00e8ixer esdeveniments festius, culturals, esportius, d\u2019oci i institucionals amb accions que incideixen a les xarxes socials<\/p>\n\n\n\n<p><strong>GENT<\/strong>&nbsp;fonamenta la seua especialitat en la comunicaci\u00f3 audiovisual i online<\/p>\n\n\n\n<p><strong>GENT<\/strong>&nbsp;aporta el tractament del contingut, amb creativitat i perspectives innovadores. I sobretot ofereix DIFUSI\u00d3<\/p>\n\n\n\n<p><strong>GENT<\/strong>&nbsp;afegeix al treball informatiu el valor de la difusi\u00f3 arribant a diferents territoris mitjan\u00e7ant acords puntuals amb plataformes de comunicaci\u00f3 referents en l\u2019\u00e0mbit comarcal.<\/p>\n","protected":false},"excerpt":{"rendered":"GENT&nbsp;\u00e9s una Plataforma Audiovisual Digital especialitzada en la promoci\u00f3 i la comunicaci\u00f3 en l\u2019\u00e0mbit territorial de les Comarques Centrals Valencianes. GENT&nbsp;est\u00e0 dedicada a difondre la informaci\u00f3 de les nostres comarques, amb especial incid\u00e8ncia en donar a con\u00e8ixer esdeveniments festius, culturals, esportius, d\u2019oci i institucionals amb accions que incideixen a les xarxes socials GENT&nbsp;fonamenta la seua especialitat en la comunicaci\u00f3 audiovisual i online GENT&nbsp;aporta el tractament del contingut, amb creativitat i perspectives innovadores. I sobretot ofereix DIFUSI\u00d3 GENT&nbsp;afegeix al treball informatiu el valor de la difusi\u00f3 arribant a diferents territoris mitjan\u00e7ant acords puntuals amb plataformes de comunicaci\u00f3 referents en l\u2019\u00e0mbit comarcal.","protected":false},"author":1,"featured_media":0,"parent":0,"menu_order":0,"comment_status":"closed","ping_status":"closed","template":"","meta":{"footnotes":""},"class_list":["post-8341","page","type-page","status-publish","hentry"],"acf":[],"_links":{"self":[{"href":"https:\/\/enviumedia.com\/index.php\/wp-json\/wp\/v2\/pages\/8341","targetHints":{"allow":["GET"]}}],"collection":[{"href":"https:\/\/enviumedia.com\/index.php\/wp-json\/wp\/v2\/pages"}],"about":[{"href":"https:\/\/enviumedia.com\/index.php\/wp-json\/wp\/v2\/types\/page"}],"author":[{"embeddable":true,"href":"https:\/\/enviumedia.com\/index.php\/wp-json\/wp\/v2\/users\/1"}],"replies":[{"embeddable":true,"href":"https:\/\/enviumedia.com\/index.php\/wp-json\/wp\/v2\/comments?post=8341"}],"version-history":[{"count":1,"href":"https:\/\/enviumedia.com\/index.php\/wp-json\/wp\/v2\/pages\/8341\/revisions"}],"predecessor-version":[{"id":8342,"href":"https:\/\/enviumedia.com\/index.php\/wp-json\/wp\/v2\/pages\/8341\/revisions\/8342"}],"wp:attachment":[{"href":"https:\/\/enviumedia.com\/index.php\/wp-json\/wp\/v2\/media?parent=8341"}],"curies":[{"name":"wp","href":"https:\/\/api.w.org\/{rel}","templated":true}]}}